{"id":146,"date":"2022-04-27T16:56:13","date_gmt":"2022-04-27T16:56:13","guid":{"rendered":"https:\/\/everdent.app\/?page_id=146"},"modified":"2025-11-03T13:30:00","modified_gmt":"2025-11-03T13:30:00","slug":"faq","status":"publish","type":"page","link":"https:\/\/everdent.app\/index.php\/faq\/","title":{"rendered":"FAQ"},"content":{"rendered":"<p>[et_pb_section fb_built=&#8221;1&#8243; _builder_version=&#8221;4.16&#8243; _module_preset=&#8221;default&#8221; global_colors_info=&#8221;{}&#8221;][et_pb_row _builder_version=&#8221;4.16&#8243; _module_preset=&#8221;default&#8221; global_colors_info=&#8221;{}&#8221;][et_pb_column type=&#8221;4_4&#8243; _builder_version=&#8221;4.16&#8243; _module_preset=&#8221;default&#8221; global_colors_info=&#8221;{}&#8221;][et_pb_text _builder_version=&#8221;4.16&#8243; _module_preset=&#8221;default&#8221; text_font_size=&#8221;37px&#8221; text_orientation=&#8221;center&#8221; global_colors_info=&#8221;{}&#8221;]<\/p>\n<p><strong>FAQ<\/strong><\/p>\n<p>[\/et_pb_text][et_pb_accordion _builder_version=&#8221;4.27.4&#8243; _module_preset=&#8221;default&#8221; hover_enabled=&#8221;0&#8243; global_colors_info=&#8221;{}&#8221; sticky_enabled=&#8221;0&#8243;][et_pb_accordion_item title=&#8221;\u00bfComo inicio con Everdent?&#8221; _builder_version=&#8221;4.16&#8243; _module_preset=&#8221;default&#8221; global_colors_info=&#8221;{}&#8221; open=&#8221;on&#8221;]<\/p>\n<p>Para comenzar a utilizar Everdent, s\u00f3lo debes registrarte mediante el siguiente v\u00ednculo <a href=\"https:\/\/my.everdent.app\/aut-register.html\" target=\"_blank\" rel=\"noopener\" title=\"registrarse\">REGISTRARSE<\/a> una vez registrado, puedes probar nuestra plataforma de forma gratuita por 30 d\u00edas s\u00edn limitaciones, despu\u00e9s del per\u00edodo gratuito, si deseas seguir utilizando nuestra plataforma, debes adquirir una licencia.<\/p>\n<p>[\/et_pb_accordion_item][et_pb_accordion_item title=&#8221;\u00bfComo adquiero una licencia?&#8221; _builder_version=&#8221;4.16&#8243; _module_preset=&#8221;default&#8221; global_colors_info=&#8221;{}&#8221; open=&#8221;off&#8221;]<\/p>\n<p>Una vez est\u00e9s registrado en nuestra plataforma, ingresa en tu cuenta y dirigete a Configuraciones de Cl\u00ednica y busca la opci\u00f3n de Licencias, elige el o los usuarios a los cuales desees adquirir la licencia y el per\u00edodo de licenciamiento, realiza tu pago y listo!, tu licencia se generar\u00e1 o renovar\u00e1 en pocos minutos.<\/p>\n<p>[\/et_pb_accordion_item][et_pb_accordion_item title=&#8221;\u00bfQue m\u00e9todos de pago aceptan?&#8221; _builder_version=&#8221;4.16&#8243; _module_preset=&#8221;default&#8221; global_colors_info=&#8221;{}&#8221; open=&#8221;off&#8221;]<\/p>\n<p>Disponemos de varios m\u00e9todos de pago y pueden variar dependiendo del pa\u00eds desde el cual te registre.<\/p>\n<p>Generalmente aceptamos: tarjeta de cr\u00e9dito, Zelle, Paypal, Bitcoin, Reserve y PagoMovil (solo Venezuela).\u00a0<\/p>\n<p>[\/et_pb_accordion_item][et_pb_accordion_item title=&#8221;\u00bfDonde se almacena mi informaci\u00f3n?&#8221; _builder_version=&#8221;4.16&#8243; _module_preset=&#8221;default&#8221; global_colors_info=&#8221;{}&#8221; open=&#8221;off&#8221;]<\/p>\n<p>Su informaci\u00f3n se almacena en la nube de Everdent, que se encuentra compuesta por varios servidores distribuidos en diversas regiones geogr\u00e1ficas, siendo generadas multiples copias privadas de sus archivos para asegurar la disponibilidad de los mismos en todo tiempo.<\/p>\n<p>[\/et_pb_accordion_item][et_pb_accordion_item title=&#8221;\u00bfQui\u00e9n puede ver mi informaci\u00f3n?&#8221; _builder_version=&#8221;4.16&#8243; _module_preset=&#8221;default&#8221; global_colors_info=&#8221;{}&#8221; open=&#8221;off&#8221;]<\/p>\n<p>S\u00f3lo los usuarios a los cuales usted autorice pueden ver su informaci\u00f3n, en ocasiones nuestro equipo de soporte podr\u00eda llegar a ver su informaci\u00f3n s\u00f3lo en el caso de ser necesario para resolver alg\u00fan problema t\u00e9cnico o ayudar con el diagn\u00f3stico del mismo, pero en EVERDENT NO compartimos, copiamos, distribuimos, vendemos ni modificamos su informaci\u00f3n bajo ninguna circunstancia, usted tiene el control de sus datos.\u00a0<\/p>\n<p>[\/et_pb_accordion_item][et_pb_accordion_item title=&#8221;\u00bfComo descargo el programa?&#8221; _builder_version=&#8221;4.16&#8243; _module_preset=&#8221;default&#8221; global_colors_info=&#8221;{}&#8221; open=&#8221;off&#8221;]<\/p>\n<p>Everdent es una plataforma en la nube, eso quiere decir que no es necesario instalar ning\u00fan programa en tu computadora o dispositivo m\u00f3vil. S\u00f3lo necesitas de un navegador web y una conexi\u00f3n a internet para poder utilizar nuestra plataforma.<\/p>\n<p>[\/et_pb_accordion_item][et_pb_accordion_item title=&#8221;\u00bfQue es una plataforma en la nube?&#8221; _builder_version=&#8221;4.16&#8243; _module_preset=&#8221;default&#8221; global_colors_info=&#8221;{}&#8221; open=&#8221;off&#8221;]<\/p>\n<p>En el ambito tecnol\u00f3gico, una nube es un conjunto de servidores interconectados, distribuidos en una o multipes regiones y conectados a internet\u00a0 que trabajan al un\u00edsono para ofrecer alg\u00fan servicio como <span>almacenar, administrar y procesar datos, redes y software.<\/span><\/p>\n<p>[\/et_pb_accordion_item][et_pb_accordion_item title=&#8221;\u00bfPara que paises se encuentra disponible EVERDENT?&#8221; open=&#8221;off&#8221; _builder_version=&#8221;4.27.4&#8243; _module_preset=&#8221;default&#8221; hover_enabled=&#8221;0&#8243; global_colors_info=&#8221;{}&#8221; sticky_enabled=&#8221;0&#8243;]<\/p>\n<p>Actualmente Everdent se encuentra disponible para los siguientes paises:<\/p>\n<p>-Argentina<\/p>\n<p>-Bolivia<\/p>\n<p>-Chile<\/p>\n<p>-Colombia<\/p>\n<p>-Costa Rica<\/p>\n<p>-Ecuador<\/p>\n<p>-El Salvador<\/p>\n<p>-Espa\u00f1a<\/p>\n<p>-Guatemala<\/p>\n<p>-Guinea Ecuatorial<\/p>\n<p>-Honduras<\/p>\n<p>-M\u00e9xico<\/p>\n<p>-Nicaragua<\/p>\n<p>-Panam\u00e1<\/p>\n<p>-Per\u00fa<\/p>\n<p>-Puerto Rico<\/p>\n<p>-Rep\u00fablica Dominicana<\/p>\n<p>-Uruguay<\/p>\n<p>-Venezuela<\/p>\n<p>Si tu pa\u00eds no se encuentra dentro de esta lista y quieres que te avisemos para cuando est\u00e9 disponible para tu pa\u00eds escr\u00edbenos a <a href=\"mailto:soporte@everdent.app\">soporte@everdent.app<\/a><\/p>\n<p>[\/et_pb_accordion_item][et_pb_accordion_item title=&#8221;\u00bfMi informaci\u00f3n se encuentra segura?&#8221; _builder_version=&#8221;4.16&#8243; _module_preset=&#8221;default&#8221; global_colors_info=&#8221;{}&#8221; open=&#8221;off&#8221;]<\/p>\n<p>Si, tu informaci\u00f3n se encuentra fuertemente respaldada, cada vez que se sube un archivo o se hace una modificaci\u00f3n en nuestra plataforma, las mismas vienen respaldadas y encriptadas instantaneamente en varios de nuestros servidores, en diversas regiones geogr\u00e1ficas asegurando que nunca pierdas tu informaci\u00f3n.<\/p>\n<p>[\/et_pb_accordion_item][et_pb_accordion_item title=&#8221;\u00bfComo puedo aprender a utilizar EVERDENT?&#8221; _builder_version=&#8221;4.16&#8243; _module_preset=&#8221;default&#8221; global_colors_info=&#8221;{}&#8221; open=&#8221;off&#8221;]<\/p>\n<p>EVERDENT es una plataforma muy intuitiva y f\u00e1cil de utilizar, nuestro equipo de soporte siempre estr\u00e1 disponible para responder a cualquiera de tus preguntas y si eres de las personas m\u00e1s autodidactas, tambi\u00e9n puedes visitar nuestro canal de <a href=\"https:\/\/www.youtube.com\/channel\/UCXXkTz6N2iYtb68P2_4xrpQ\/videos\" target=\"_blank\" rel=\"noopener\">Youtube<\/a> donde podr\u00e1s conseguir video tutoriales sobre como utilizar cualquiera de nuestras funciones, te recomendamos suscribirte al canal, ya que nuestro equipo se encuentra siempre subiendo nuevos videos.\u00a0\u00a0<\/p>\n<p>[\/et_pb_accordion_item][\/et_pb_accordion][\/et_pb_column][\/et_pb_row][\/et_pb_section]<\/p>\n","protected":false},"excerpt":{"rendered":"<p>FAQPara comenzar a utilizar Everdent, s\u00f3lo debes registrarte mediante el siguiente v\u00ednculo REGISTRARSE una vez registrado, puedes probar nuestra plataforma de forma gratuita por 30 d\u00edas s\u00edn limitaciones, despu\u00e9s del per\u00edodo gratuito, si deseas seguir utilizando nuestra plataforma, debes adquirir una licencia.Una vez est\u00e9s registrado en nuestra plataforma, ingresa en tu cuenta y dirigete a [&hellip;]<\/p>\n","protected":false},"author":1,"featured_media":0,"parent":0,"menu_order":0,"comment_status":"closed","ping_status":"closed","template":"","meta":{"_et_pb_use_builder":"on","_et_pb_old_content":"","_et_gb_content_width":"","footnotes":""},"class_list":["post-146","page","type-page","status-publish","hentry"],"jetpack_sharing_enabled":true,"_links":{"self":[{"href":"https:\/\/everdent.app\/index.php\/wp-json\/wp\/v2\/pages\/146","targetHints":{"allow":["GET"]}}],"collection":[{"href":"https:\/\/everdent.app\/index.php\/wp-json\/wp\/v2\/pages"}],"about":[{"href":"https:\/\/everdent.app\/index.php\/wp-json\/wp\/v2\/types\/page"}],"author":[{"embeddable":true,"href":"https:\/\/everdent.app\/index.php\/wp-json\/wp\/v2\/users\/1"}],"replies":[{"embeddable":true,"href":"https:\/\/everdent.app\/index.php\/wp-json\/wp\/v2\/comments?post=146"}],"version-history":[{"count":4,"href":"https:\/\/everdent.app\/index.php\/wp-json\/wp\/v2\/pages\/146\/revisions"}],"predecessor-version":[{"id":286,"href":"https:\/\/everdent.app\/index.php\/wp-json\/wp\/v2\/pages\/146\/revisions\/286"}],"wp:attachment":[{"href":"https:\/\/everdent.app\/index.php\/wp-json\/wp\/v2\/media?parent=146"}],"curies":[{"name":"wp","href":"https:\/\/api.w.org\/{rel}","templated":true}]}}